{"id":4865,"date":"2015-10-26T12:35:37","date_gmt":"2015-10-26T12:35:37","guid":{"rendered":"http:\/\/impreza3.us-themes.com\/?page_id=4865"},"modified":"2025-09-15T20:12:17","modified_gmt":"2025-09-15T18:12:17","slug":"blog","status":"publish","type":"page","link":"https:\/\/www.imprelux.com\/es\/blog","title":{"rendered":"Blog"},"content":{"rendered":"<section class=\"l-section wpb_row height_medium color_alternate with_img\"><div class=\"l-section-img\" role=\"img\" aria-label=\"Imprelux - Producciones gr\u00e1ficas\" data-img-width=\"1500\" data-img-height=\"1000\" style=\"background-image: url(https:\/\/www.imprelux.com\/wp-content\/uploads\/maq.jpg);\"><\/div><div class=\"l-section-overlay\" style=\"background:rgba(0,0,0,0.85)\"><\/div><div class=\"l-section-h i-cf\"><div class=\"g-cols vc_row via_flex valign_middle type_default stacking_default\"><div class=\"vc_col-sm-12 wpb_column vc_column_container\"><div class=\"vc_column-inner\"><div class=\"wpb_wrapper\"><h1 class=\"w-post-elm post_title us_custom_064d9100 align_center entry-title color_link_inherit\">Blog<\/h1><\/div><\/div><\/div><\/div><\/div><\/section><section class=\"l-section wpb_row height_large\"><div class=\"l-section-h i-cf\"><div class=\"g-cols vc_row via_flex valign_top type_default stacking_default\"><div class=\"vc_col-sm-12 wpb_column vc_column_container\"><div class=\"vc_column-inner\"><div class=\"wpb_wrapper\"><div class=\"w-grid us_grid type_grid layout_5984 cols_3 pagination_infinite preload_style_spinner\" id=\"us_grid_1\" style=\"--columns:3;--gap:1.5rem;\" data-filterable=\"true\"><style>@media (max-width:1380px){#us_grid_1{--columns:2!important}}@media (max-width:1024px){#us_grid_1{--columns:1!important}}@media (max-width:600px){#us_grid_1{--columns:1!important}}.layout_5984 .w-grid-item-h{}.layout_5984 .usg_post_image_1{margin-bottom:1rem!important}.layout_5984 .usg_post_title_1{margin-bottom:0.5rem!important;font-family:var(--font-family)!important}.layout_5984 .usg_post_date_1{font-family:var(--font-family)!important;font-size:0.9rem!important}.layout_5984 .usg_hwrapper_1{color:#a4abb3!important}.layout_5984 .usg_post_content_1{margin-top:0.5rem!important;font-family:var(--font-family)!important}<\/style><div class=\"w-grid-list\">\t<article class=\"w-grid-item size_1x1 post-6223 post type-post status-publish format-standard has-post-thumbnail hentry category-blog\" data-id=\"6223\">\r\n\t\t<div class=\"w-grid-item-h\">\r\n\t\t\t\t\t\t<div class=\"w-post-elm post_image usg_post_image_1 stretched\"><a href=\"https:\/\/www.imprelux.com\/es\/bienvenido-a-nuestro-blog.html\" aria-label=\"Bienvenido a nuestro blog\"><img decoding=\"async\" width=\"600\" height=\"400\" src=\"https:\/\/www.imprelux.com\/wp-content\/uploads\/FOTO-CARTA-PANTONE-600x400.jpg\" class=\"attachment-us_600_400_crop size-us_600_400_crop wp-post-image\" alt=\"\" \/><\/a><\/div><h4 class=\"w-post-elm post_title usg_post_title_1 entry-title color_link_inherit\"><a href=\"https:\/\/www.imprelux.com\/es\/bienvenido-a-nuestro-blog.html\">Bienvenido a nuestro blog<\/a><\/h4><div class=\"w-hwrapper usg_hwrapper_1 has_text_color align_left valign_top wrap\"><time class=\"w-post-elm post_date usg_post_date_1 entry-date published\" datetime=\"2019-12-08T02:09:02+01:00\">8 diciembre, 2019<\/time><\/div><div class=\"w-post-elm post_content usg_post_content_1\">Bienvenido al blog de Imprelux. Aqu\u00ed podr\u00e1s estar al d\u00eda de nuestras novedades y eventos. \u00a1Esperamos que os guste nuestra nueva web!<\/div>\t\t<\/div>\r\n\t\t\t<\/article>\r\n<\/div>\t<div class=\"w-grid-preloader\">\r\n\t\t<div class=\"g-preloader type_custom\">\r\n\t\t\t<div><img decoding=\"async\" width=\"300\" height=\"96\" src=\"https:\/\/www.imprelux.com\/wp-content\/uploads\/LOGO-para-transicion-100-A\u00d1OS-IMPRELUX-DEFINITIVO-300x96.jpg\" class=\"attachment-medium size-medium\" alt=\"\" srcset=\"https:\/\/www.imprelux.com\/wp-content\/uploads\/LOGO-para-transicion-100-A\u00d1OS-IMPRELUX-DEFINITIVO-300x96.jpg 300w, https:\/\/www.imprelux.com\/wp-content\/uploads\/LOGO-para-transicion-100-A\u00d1OS-IMPRELUX-DEFINITIVO-1024x329.jpg 1024w, https:\/\/www.imprelux.com\/wp-content\/uploads\/LOGO-para-transicion-100-A\u00d1OS-IMPRELUX-DEFINITIVO-1536x494.jpg 1536w, https:\/\/www.imprelux.com\/wp-content\/uploads\/LOGO-para-transicion-100-A\u00d1OS-IMPRELUX-DEFINITIVO-2048x658.jpg 2048w, https:\/\/www.imprelux.com\/wp-content\/uploads\/LOGO-para-transicion-100-A\u00d1OS-IMPRELUX-DEFINITIVO-600x193.jpg 600w\" sizes=\"(max-width: 300px) 100vw, 300px\" \/><\/div>\r\n\t\t<\/div>\r\n\t<\/div>\r\n\t\t<div class=\"w-grid-json hidden\" onclick='return {&quot;action&quot;:&quot;us_ajax_grid&quot;,&quot;infinite_scroll&quot;:0,&quot;max_num_pages&quot;:1,&quot;pagination&quot;:&quot;infinite&quot;,&quot;template_vars&quot;:{&quot;columns&quot;:&quot;3&quot;,&quot;exclude_items&quot;:&quot;none&quot;,&quot;img_size&quot;:&quot;us_600_400_crop&quot;,&quot;ignore_items_size&quot;:0,&quot;items_layout&quot;:&quot;5984&quot;,&quot;items_offset&quot;:&quot;1&quot;,&quot;load_animation&quot;:&quot;none&quot;,&quot;overriding_link&quot;:&quot;{\\&quot;url\\&quot;:\\&quot;\\&quot;}&quot;,&quot;post_id&quot;:0,&quot;query_args&quot;:{&quot;post_type&quot;:[&quot;post&quot;],&quot;post_status&quot;:[&quot;publish&quot;],&quot;posts_per_page&quot;:&quot;6&quot;},&quot;orderby_query_args&quot;:{&quot;orderby&quot;:{&quot;date&quot;:&quot;DESC&quot;}},&quot;type&quot;:&quot;grid&quot;,&quot;us_grid_post_type&quot;:&quot;post&quot;,&quot;us_grid_ajax_index&quot;:1,&quot;us_grid_filter_query_string&quot;:null,&quot;us_grid_index&quot;:1,&quot;page_args&quot;:[],&quot;lang&quot;:&quot;es&quot;}}'><\/div>\r\n\t<\/div><\/div><\/div><\/div><\/div><\/div><\/section>\n","protected":false},"excerpt":{"rendered":"Bienvenido al blog de Imprelux. Aqu\u00ed podr\u00e1s estar al d\u00eda de nuestras novedades y eventos. \u00a1Esperamos que os guste nuestra nueva web!","protected":false},"author":1,"featured_media":6112,"parent":0,"menu_order":0,"comment_status":"closed","ping_status":"closed","template":"","meta":{"footnotes":""},"class_list":["post-4865","page","type-page","status-publish","has-post-thumbnail","hentry"],"yoast_head":"<!-- This site is optimized with the Yoast SEO Premium plugin v26.6 (Yoast SEO v26.6) - https:\/\/yoast.com\/wordpress\/plugins\/seo\/ -->\n<title>Blog - Imprelux<\/title>\n<meta name=\"robots\" content=\"index, follow, max-snippet:-1, max-image-preview:large, max-video-preview:-1\" \/>\n<link rel=\"canonical\" href=\"https:\/\/www.imprelux.com\/es\/blog\" \/>\n<meta property=\"og:locale\" content=\"es_ES\" \/>\n<meta property=\"og:type\" content=\"article\" \/>\n<meta property=\"og:title\" content=\"Blog\" \/>\n<meta property=\"og:url\" content=\"https:\/\/www.imprelux.com\/es\/blog\" \/>\n<meta property=\"og:site_name\" content=\"Imprelux\" \/>\n<meta property=\"article:modified_time\" content=\"2025-09-15T18:12:17+00:00\" \/>\n<meta property=\"og:image\" content=\"https:\/\/www.imprelux.com\/wp-content\/uploads\/maq.jpg\" \/>\n\t<meta property=\"og:image:width\" content=\"1500\" \/>\n\t<meta property=\"og:image:height\" content=\"1000\" \/>\n\t<meta property=\"og:image:type\" content=\"image\/jpeg\" \/>\n<meta name=\"twitter:card\" content=\"summary_large_image\" \/>\n<script type=\"application\/ld+json\" class=\"yoast-schema-graph\">{\"@context\":\"https:\/\/schema.org\",\"@graph\":[{\"@type\":\"WebPage\",\"@id\":\"https:\/\/www.imprelux.com\/es\/blog\",\"url\":\"https:\/\/www.imprelux.com\/es\/blog\",\"name\":\"Blog - Imprelux\",\"isPartOf\":{\"@id\":\"https:\/\/www.imprelux.com\/es#website\"},\"primaryImageOfPage\":{\"@id\":\"https:\/\/www.imprelux.com\/es\/blog#primaryimage\"},\"image\":{\"@id\":\"https:\/\/www.imprelux.com\/es\/blog#primaryimage\"},\"thumbnailUrl\":\"https:\/\/www.imprelux.com\/wp-content\/uploads\/maq.jpg\",\"datePublished\":\"2015-10-26T12:35:37+00:00\",\"dateModified\":\"2025-09-15T18:12:17+00:00\",\"breadcrumb\":{\"@id\":\"https:\/\/www.imprelux.com\/es\/blog#breadcrumb\"},\"inLanguage\":\"es\",\"potentialAction\":[{\"@type\":\"ReadAction\",\"target\":[\"https:\/\/www.imprelux.com\/es\/blog\"]}]},{\"@type\":\"ImageObject\",\"inLanguage\":\"es\",\"@id\":\"https:\/\/www.imprelux.com\/es\/blog#primaryimage\",\"url\":\"https:\/\/www.imprelux.com\/wp-content\/uploads\/maq.jpg\",\"contentUrl\":\"https:\/\/www.imprelux.com\/wp-content\/uploads\/maq.jpg\",\"width\":1500,\"height\":1000,\"caption\":\"Imprelux - Producciones gr\u00e1ficas\"},{\"@type\":\"BreadcrumbList\",\"@id\":\"https:\/\/www.imprelux.com\/es\/blog#breadcrumb\",\"itemListElement\":[{\"@type\":\"ListItem\",\"position\":1,\"name\":\"Portada\",\"item\":\"https:\/\/www.imprelux.com\/es\/home\"},{\"@type\":\"ListItem\",\"position\":2,\"name\":\"Blog\"}]},{\"@type\":\"WebSite\",\"@id\":\"https:\/\/www.imprelux.com\/es#website\",\"url\":\"https:\/\/www.imprelux.com\/es\",\"name\":\"Imprelux\",\"description\":\"Producciones gr\u00e1ficas\",\"publisher\":{\"@id\":\"https:\/\/www.imprelux.com\/es#organization\"},\"alternateName\":\"Producciones gr\u00e1ficas\",\"potentialAction\":[{\"@type\":\"SearchAction\",\"target\":{\"@type\":\"EntryPoint\",\"urlTemplate\":\"https:\/\/www.imprelux.com\/es?s={search_term_string}\"},\"query-input\":{\"@type\":\"PropertyValueSpecification\",\"valueRequired\":true,\"valueName\":\"search_term_string\"}}],\"inLanguage\":\"es\"},{\"@type\":\"Organization\",\"@id\":\"https:\/\/www.imprelux.com\/es#organization\",\"name\":\"Imprelux\",\"alternateName\":\"Producciones gr\u00e1ficas\",\"url\":\"https:\/\/www.imprelux.com\/es\",\"logo\":{\"@type\":\"ImageObject\",\"inLanguage\":\"es\",\"@id\":\"https:\/\/www.imprelux.com\/es#\/schema\/logo\/image\/\",\"url\":\"https:\/\/www.imprelux.com\/wp-content\/uploads\/2019\/12\/IMPRELUX.png\",\"contentUrl\":\"https:\/\/www.imprelux.com\/wp-content\/uploads\/2019\/12\/IMPRELUX.png\",\"width\":500,\"height\":101,\"caption\":\"Imprelux\"},\"image\":{\"@id\":\"https:\/\/www.imprelux.com\/es#\/schema\/logo\/image\/\"}}]}<\/script>\n<!-- \/ Yoast SEO Premium plugin. -->","yoast_head_json":{"title":"Blog - Imprelux","robots":{"index":"index","follow":"follow","max-snippet":"max-snippet:-1","max-image-preview":"max-image-preview:large","max-video-preview":"max-video-preview:-1"},"canonical":"https:\/\/www.imprelux.com\/es\/blog","og_locale":"es_ES","og_type":"article","og_title":"Blog","og_url":"https:\/\/www.imprelux.com\/es\/blog","og_site_name":"Imprelux","article_modified_time":"2025-09-15T18:12:17+00:00","og_image":[{"width":1500,"height":1000,"url":"https:\/\/www.imprelux.com\/wp-content\/uploads\/maq.jpg","type":"image\/jpeg"}],"twitter_card":"summary_large_image","schema":{"@context":"https:\/\/schema.org","@graph":[{"@type":"WebPage","@id":"https:\/\/www.imprelux.com\/es\/blog","url":"https:\/\/www.imprelux.com\/es\/blog","name":"Blog - Imprelux","isPartOf":{"@id":"https:\/\/www.imprelux.com\/es#website"},"primaryImageOfPage":{"@id":"https:\/\/www.imprelux.com\/es\/blog#primaryimage"},"image":{"@id":"https:\/\/www.imprelux.com\/es\/blog#primaryimage"},"thumbnailUrl":"https:\/\/www.imprelux.com\/wp-content\/uploads\/maq.jpg","datePublished":"2015-10-26T12:35:37+00:00","dateModified":"2025-09-15T18:12:17+00:00","breadcrumb":{"@id":"https:\/\/www.imprelux.com\/es\/blog#breadcrumb"},"inLanguage":"es","potentialAction":[{"@type":"ReadAction","target":["https:\/\/www.imprelux.com\/es\/blog"]}]},{"@type":"ImageObject","inLanguage":"es","@id":"https:\/\/www.imprelux.com\/es\/blog#primaryimage","url":"https:\/\/www.imprelux.com\/wp-content\/uploads\/maq.jpg","contentUrl":"https:\/\/www.imprelux.com\/wp-content\/uploads\/maq.jpg","width":1500,"height":1000,"caption":"Imprelux - Producciones gr\u00e1ficas"},{"@type":"BreadcrumbList","@id":"https:\/\/www.imprelux.com\/es\/blog#breadcrumb","itemListElement":[{"@type":"ListItem","position":1,"name":"Portada","item":"https:\/\/www.imprelux.com\/es\/home"},{"@type":"ListItem","position":2,"name":"Blog"}]},{"@type":"WebSite","@id":"https:\/\/www.imprelux.com\/es#website","url":"https:\/\/www.imprelux.com\/es","name":"Imprelux","description":"Producciones gr\u00e1ficas","publisher":{"@id":"https:\/\/www.imprelux.com\/es#organization"},"alternateName":"Producciones gr\u00e1ficas","potentialAction":[{"@type":"SearchAction","target":{"@type":"EntryPoint","urlTemplate":"https:\/\/www.imprelux.com\/es?s={search_term_string}"},"query-input":{"@type":"PropertyValueSpecification","valueRequired":true,"valueName":"search_term_string"}}],"inLanguage":"es"},{"@type":"Organization","@id":"https:\/\/www.imprelux.com\/es#organization","name":"Imprelux","alternateName":"Producciones gr\u00e1ficas","url":"https:\/\/www.imprelux.com\/es","logo":{"@type":"ImageObject","inLanguage":"es","@id":"https:\/\/www.imprelux.com\/es#\/schema\/logo\/image\/","url":"https:\/\/www.imprelux.com\/wp-content\/uploads\/2019\/12\/IMPRELUX.png","contentUrl":"https:\/\/www.imprelux.com\/wp-content\/uploads\/2019\/12\/IMPRELUX.png","width":500,"height":101,"caption":"Imprelux"},"image":{"@id":"https:\/\/www.imprelux.com\/es#\/schema\/logo\/image\/"}}]}},"_links":{"self":[{"href":"https:\/\/www.imprelux.com\/es\/wp-json\/wp\/v2\/pages\/4865","targetHints":{"allow":["GET"]}}],"collection":[{"href":"https:\/\/www.imprelux.com\/es\/wp-json\/wp\/v2\/pages"}],"about":[{"href":"https:\/\/www.imprelux.com\/es\/wp-json\/wp\/v2\/types\/page"}],"author":[{"embeddable":true,"href":"https:\/\/www.imprelux.com\/es\/wp-json\/wp\/v2\/users\/1"}],"replies":[{"embeddable":true,"href":"https:\/\/www.imprelux.com\/es\/wp-json\/wp\/v2\/comments?post=4865"}],"version-history":[{"count":0,"href":"https:\/\/www.imprelux.com\/es\/wp-json\/wp\/v2\/pages\/4865\/revisions"}],"wp:featuredmedia":[{"embeddable":true,"href":"https:\/\/www.imprelux.com\/es\/wp-json\/wp\/v2\/media\/6112"}],"wp:attachment":[{"href":"https:\/\/www.imprelux.com\/es\/wp-json\/wp\/v2\/media?parent=4865"}],"curies":[{"name":"wp","href":"https:\/\/api.w.org\/{rel}","templated":true}]}}