{"id":4828,"date":"2015-10-26T11:08:51","date_gmt":"2015-10-26T10:08:51","guid":{"rendered":"http:\/\/impreza3.us-themes.com\/?page_id=4828"},"modified":"2025-09-15T20:12:17","modified_gmt":"2025-09-15T18:12:17","slug":"contacto","status":"publish","type":"page","link":"https:\/\/www.imprelux.com\/es\/contacto","title":{"rendered":"Contacto"},"content":{"rendered":"<section class=\"l-section wpb_row height_auto width_full color_alternate\"><div class=\"l-section-h i-cf\"><div class=\"g-cols vc_row via_flex valign_top type_default stacking_default\"><div class=\"vc_col-sm-12 wpb_column vc_column_container\"><div class=\"vc_column-inner\"><div class=\"wpb_wrapper\">[vc_raw_html]JTNDaWZyYW1lJTIwc3JjJTNEJTIyaHR0cHMlM0ElMkYlMkZ3d3cuZ29vZ2xlLmNvbSUyRm1hcHMlMkZlbWJlZCUzRnBiJTNEJTIxMW0xNCUyMTFtOCUyMTFtMyUyMTFkMTE5NDYuNDc2MDkyNTA1NTM0JTIxMmQyLjExMDE4MDElMjEzZDQxLjUzNDE5MjQlMjEzbTIlMjExaTEwMjQlMjEyaTc2OCUyMTRmMTMuMSUyMTNtMyUyMTFtMiUyMTFzMHgwJTI1M0EweDcwMzE2NjcxNTVjYmFiOWMlMjEyc0ltcHJlbHV4JTI1MjBTLkwuJTIxNWUwJTIxM20yJTIxMXNlcyUyMTJzZXMlMjE0djE1NzU3NDcyNDI2MzElMjE1bTIlMjExc2VzJTIxMnNlcyUyMiUyMHdpZHRoJTNEJTIyMTAwJTI1JTIyJTIwaGVpZ2h0JTNEJTIyNDUwJTIyJTIwZnJhbWVib3JkZXIlM0QlMjIwJTIyJTIwc3R5bGUlM0QlMjJib3JkZXIlM0EwJTNCJTIyJTIwYWxsb3dmdWxsc2NyZWVuJTNEJTIyJTIyJTNFJTNDJTJGaWZyYW1lJTNF[\/vc_raw_html]<\/div><\/div><\/div><\/div><\/div><\/section><section class=\"l-section wpb_row height_large\"><div class=\"l-section-h i-cf\"><div class=\"g-cols vc_row via_flex valign_top type_default stacking_default\" style=\"--additional-gap:10px;\"><div class=\"vc_col-sm-6 wpb_column vc_column_container\"><div class=\"vc_column-inner\"><div class=\"wpb_wrapper\">[vc_custom_heading text=\u00bbContacta con <strong>Imprelux<\/strong>\u00bb font_container=\u00bbtag:h3|text_align:left\u00bb use_theme_fonts=\u00bbyes\u00bb]<div class=\"wpb_text_column\"><div class=\"wpb_wrapper\"><p>\u00bfNecesitas contactar con nosotros? \u00bfQuieres un presupuesto o consultar tus dudas?<\/p>\n<p>Escr\u00edbenos a trav\u00e9s del siguiente formulario y te responderemos a la mayor brevedad posible.<\/p>\n<\/div><\/div><div class=\"w-separator size_medium\"><\/div>[vc_custom_heading text=\u00bbDatos de <strong>contacto<\/strong>\u00bb font_container=\u00bbtag:h3|text_align:left\u00bb use_theme_fonts=\u00bbyes\u00bb]<div class=\"w-separator size_small\"><\/div><div class=\"w-iconbox iconpos_left style_default color_primary align_left no_text\"><a target=\" _blank\" rel=\"nofollow\" href=\"https:\/\/goo.gl\/maps\/X6AJ5xwBagSPLmgU8\" class=\"w-iconbox-link\" aria-label=\"C\/ Bruc, 120, 08203 Sabadell (Barcelona)\"><div class=\"w-iconbox-icon\" style=\"font-size:2rem;\"><i class=\"fas fa-home\"><\/i><\/div><\/a><div class=\"w-iconbox-meta\"><h4 class=\"w-iconbox-title\"><a target=\" _blank\" rel=\"nofollow\" href=\"https:\/\/goo.gl\/maps\/X6AJ5xwBagSPLmgU8\" class=\"w-iconbox-link\" aria-label=\"C\/ Bruc, 120, 08203 Sabadell (Barcelona)\">C\/ Bruc, 120, 08203 Sabadell (Barcelona)<\/a><\/h4><\/div><\/div><div class=\"w-separator size_small\"><\/div><div class=\"w-iconbox iconpos_left style_default color_primary align_left no_text\"><a href=\"tel:+34937261160\" class=\"w-iconbox-link\" aria-label=\"937 261 160\"><div class=\"w-iconbox-icon\" style=\"font-size:2rem;\"><i class=\"fas fa-phone\"><\/i><\/div><\/a><div class=\"w-iconbox-meta\"><h4 class=\"w-iconbox-title\"><a href=\"tel:+34937261160\" class=\"w-iconbox-link\" aria-label=\"937 261 160\">937 261 160<\/a><\/h4><\/div><\/div><div class=\"w-separator size_small\"><\/div><div class=\"w-iconbox iconpos_left style_default color_primary align_left no_text\"><a href=\"mailto:rafa@imprelux.com\" class=\"w-iconbox-link\" aria-label=\"Presupuestos: rafa@imprelux.com\"><div class=\"w-iconbox-icon\" style=\"font-size:2rem;\"><i class=\"fas fa-mailbox\"><\/i><\/div><\/a><div class=\"w-iconbox-meta\"><h4 class=\"w-iconbox-title\"><a href=\"mailto:rafa@imprelux.com\" class=\"w-iconbox-link\" aria-label=\"Presupuestos: rafa@imprelux.com\">Presupuestos: rafa@imprelux.com<\/a><\/h4><\/div><\/div><div class=\"w-separator size_small\"><\/div><div class=\"w-iconbox iconpos_left style_default color_primary align_left no_text\"><a href=\"mailto:info@imprelux.com\" class=\"w-iconbox-link\" aria-label=\"Contabilidad: info@imprelux.com\"><div class=\"w-iconbox-icon\" style=\"font-size:2rem;\"><i class=\"fas fa-mailbox\"><\/i><\/div><\/a><div class=\"w-iconbox-meta\"><h4 class=\"w-iconbox-title\"><a href=\"mailto:info@imprelux.com\" class=\"w-iconbox-link\" aria-label=\"Contabilidad: info@imprelux.com\">Contabilidad: info@imprelux.com<\/a><\/h4><\/div><\/div><div class=\"w-separator size_medium\"><\/div>[vc_custom_heading text=\u00bb<strong>Horario<\/strong>\u00bb font_container=\u00bbtag:h3|text_align:left\u00bb use_theme_fonts=\u00bbyes\u00bb]<div class=\"w-separator size_small\"><\/div><div class=\"w-iconbox iconpos_left style_default color_primary align_left no_text\"><div class=\"w-iconbox-icon\" style=\"font-size:2rem;\"><i class=\"fas fa-watch\"><\/i><\/div><div class=\"w-iconbox-meta\"><h4 class=\"w-iconbox-title\">L-J: De 8:00h. a 14:00h. y de 15:00h. a 18:00h.<\/h4><\/div><\/div><div class=\"w-iconbox iconpos_left style_default color_primary align_left no_text\"><div class=\"w-iconbox-icon\" style=\"font-size:2rem;\"><i class=\"fas fa-watch\"><\/i><\/div><div class=\"w-iconbox-meta\"><h4 class=\"w-iconbox-title\">V: De 8:00h. a 13:00h.<\/h4><\/div><\/div><div class=\"w-separator size_medium\"><\/div><div class=\"w-image align_center\"><div class=\"w-image-h\"><img decoding=\"async\" width=\"455\" height=\"600\" src=\"https:\/\/www.imprelux.com\/wp-content\/uploads\/2019\/12\/telefono.jpg\" class=\"attachment-us_600_600 size-us_600_600\" alt=\"Contacta con Imprelux\" loading=\"lazy\" srcset=\"https:\/\/www.imprelux.com\/wp-content\/uploads\/2019\/12\/telefono.jpg 800w, https:\/\/www.imprelux.com\/wp-content\/uploads\/2019\/12\/telefono-227x300.jpg 227w, https:\/\/www.imprelux.com\/wp-content\/uploads\/2019\/12\/telefono-776x1024.jpg 776w\" sizes=\"auto, (max-width: 455px) 100vw, 455px\" \/><\/div><\/div><\/div><\/div><\/div><div class=\"vc_col-sm-6 wpb_column vc_column_container\"><div class=\"vc_column-inner\"><div class=\"wpb_wrapper\">[vc_custom_heading text=\u00bbEnv\u00edanos un <strong>mensaje<\/strong>\u00bb font_container=\u00bbtag:h3|text_align:left\u00bb use_theme_fonts=\u00bbyes\u00bb][gravityform id=\u00bb1&#8243; title=\u00bbfalse\u00bb description=\u00bbfalse\u00bb ajax=\u00bbfalse\u00bb]<div class=\"w-separator size_custom\" style=\"height:5px\"><\/div><div class=\"wpb_text_column\"><div class=\"wpb_wrapper\"><p><strong>Informaci\u00f3n b\u00e1sica sobre protecci\u00f3n de datos<\/strong><\/p>\n<\/div><\/div><div class=\"w-separator us_custom_a833bf3c size_custom with_line width_default thick_1 style_solid color_border align_center\" style=\"height:10px\"><div class=\"w-separator-h\"><\/div><\/div><div class=\"wpb_text_column\"><div class=\"wpb_wrapper\"><ul>\n<li><b>Responsable<\/b>\u00a0Producci\u00f3 Gr\u00e0fica Imprelux, S.L. .<\/li>\n<li><b>Finalidad<\/b>\u00a0Responder tus consultas.<\/li>\n<li><b>Legitimaci\u00f3n<\/b>\u00a0Tu consentimiento.<\/li>\n<li><b>Destinatarios<\/b>\u00a0Producci\u00f3 Gr\u00e0fica Imprelux, S.L..<\/li>\n<li><b>Derechos<\/b> Acceso, rectificaci\u00f3n, cancelaci\u00f3n, supresi\u00f3n, oposici\u00f3n, limitaci\u00f3n al tratamiento y portabilidad.<\/li>\n<li><b>Informaci\u00f3n Adicional<\/b>\u00a0Puedes consultar la informaci\u00f3n detallada en el\u00a0<a href=\"https:\/\/www.imprelux.com\/es\/aviso-legal\" target=\"_noblank\" rel=\"noopener noreferrer\">Aviso Legal<\/a>.<\/li>\n<\/ul>\n<\/div><\/div><\/div><\/div><\/div><\/div><\/div><\/section>\n","protected":false},"excerpt":{"rendered":"[vc_raw_html]JTNDaWZyYW1lJTIwc3JjJTNEJTIyaHR0cHMlM0ElMkYlMkZ3d3cuZ29vZ2xlLmNvbSUyRm1hcHMlMkZlbWJlZCUzRnBiJTNEJTIxMW0xNCUyMTFtOCUyMTFtMyUyMTFkMTE5NDYuNDc2MDkyNTA1NTM0JTIxMmQyLjExMDE4MDElMjEzZDQxLjUzNDE5MjQlMjEzbTIlMjExaTEwMjQlMjEyaTc2OCUyMTRmMTMuMSUyMTNtMyUyMTFtMiUyMTFzMHgwJTI1M0EweDcwMzE2NjcxNTVjYmFiOWMlMjEyc0ltcHJlbHV4JTI1MjBTLkwuJTIxNWUwJTIxM20yJTIxMXNlcyUyMTJzZXMlMjE0djE1NzU3NDcyNDI2MzElMjE1bTIlMjExc2VzJTIxMnNlcyUyMiUyMHdpZHRoJTNEJTIyMTAwJTI1JTIyJTIwaGVpZ2h0JTNEJTIyNDUwJTIyJTIwZnJhbWVib3JkZXIlM0QlMjIwJTIyJTIwc3R5bGUlM0QlMjJib3JkZXIlM0EwJTNCJTIyJTIwYWxsb3dmdWxsc2NyZWVuJTNEJTIyJTIyJTNFJTNDJTJGaWZyYW1lJTNF[\/vc_raw_html][vc_custom_heading text=\"Contacta con Imprelux\" font_container=\"tag:h3|text_align:left\" use_theme_fonts=\"yes\"]\u00bfNecesitas contactar con nosotros? \u00bfQuieres un presupuesto o consultar tus dudas? Escr\u00edbenos a trav\u00e9s del siguiente formulario y te responderemos a la mayor brevedad posible. [vc_custom_heading text=\"Datos de contacto\" font_container=\"tag:h3|text_align:left\" use_theme_fonts=\"yes\"]C\/ Bruc, 120, 08203 Sabadell (Barcelona)937 261 160Presupuestos: rafa@imprelux.comContabilidad: info@imprelux.com[vc_custom_heading text=\"Horario\" font_container=\"tag:h3|text_align:left\" use_theme_fonts=\"yes\"]L-J: De 8:00h. a 14:00h. y de 15:00h....","protected":false},"author":1,"featured_media":6217,"parent":0,"menu_order":0,"comment_status":"closed","ping_status":"closed","template":"","meta":{"footnotes":""},"class_list":["post-4828","page","type-page","status-publish","has-post-thumbnail","hentry"],"yoast_head":"<!-- This site is optimized with the Yoast SEO Premium plugin v26.6 (Yoast SEO v26.6) - https:\/\/yoast.com\/wordpress\/plugins\/seo\/ -->\n<title>Contacto - Imprelux<\/title>\n<meta name=\"robots\" content=\"index, follow, max-snippet:-1, max-image-preview:large, max-video-preview:-1\" \/>\n<link rel=\"canonical\" href=\"https:\/\/www.imprelux.com\/es\/contacto\" \/>\n<meta property=\"og:locale\" content=\"es_ES\" \/>\n<meta property=\"og:type\" content=\"article\" \/>\n<meta property=\"og:title\" content=\"Contacto\" \/>\n<meta property=\"og:url\" content=\"https:\/\/www.imprelux.com\/es\/contacto\" \/>\n<meta property=\"og:site_name\" content=\"Imprelux\" \/>\n<meta property=\"article:modified_time\" content=\"2025-09-15T18:12:17+00:00\" \/>\n<meta property=\"og:image\" content=\"https:\/\/www.imprelux.com\/wp-content\/uploads\/FOTO-INVITACION-BODA-STAMPING-scaled.jpg\" \/>\n\t<meta property=\"og:image:width\" content=\"2560\" \/>\n\t<meta property=\"og:image:height\" content=\"2560\" \/>\n\t<meta property=\"og:image:type\" content=\"image\/jpeg\" \/>\n<meta name=\"twitter:card\" content=\"summary_large_image\" \/>\n<meta name=\"twitter:label1\" content=\"Tiempo de lectura\" \/>\n\t<meta name=\"twitter:data1\" content=\"2 minutos\" \/>\n<script type=\"application\/ld+json\" class=\"yoast-schema-graph\">{\"@context\":\"https:\/\/schema.org\",\"@graph\":[{\"@type\":\"WebPage\",\"@id\":\"https:\/\/www.imprelux.com\/es\/contacto\",\"url\":\"https:\/\/www.imprelux.com\/es\/contacto\",\"name\":\"Contacto - Imprelux\",\"isPartOf\":{\"@id\":\"https:\/\/www.imprelux.com\/es#website\"},\"primaryImageOfPage\":{\"@id\":\"https:\/\/www.imprelux.com\/es\/contacto#primaryimage\"},\"image\":{\"@id\":\"https:\/\/www.imprelux.com\/es\/contacto#primaryimage\"},\"thumbnailUrl\":\"https:\/\/www.imprelux.com\/wp-content\/uploads\/FOTO-INVITACION-BODA-STAMPING-scaled.jpg\",\"datePublished\":\"2015-10-26T10:08:51+00:00\",\"dateModified\":\"2025-09-15T18:12:17+00:00\",\"breadcrumb\":{\"@id\":\"https:\/\/www.imprelux.com\/es\/contacto#breadcrumb\"},\"inLanguage\":\"es\",\"potentialAction\":[{\"@type\":\"ReadAction\",\"target\":[\"https:\/\/www.imprelux.com\/es\/contacto\"]}]},{\"@type\":\"ImageObject\",\"inLanguage\":\"es\",\"@id\":\"https:\/\/www.imprelux.com\/es\/contacto#primaryimage\",\"url\":\"https:\/\/www.imprelux.com\/wp-content\/uploads\/FOTO-INVITACION-BODA-STAMPING-scaled.jpg\",\"contentUrl\":\"https:\/\/www.imprelux.com\/wp-content\/uploads\/FOTO-INVITACION-BODA-STAMPING-scaled.jpg\",\"width\":2560,\"height\":2560,\"caption\":\"Imprelux - Producciones gr\u00e1ficas\"},{\"@type\":\"BreadcrumbList\",\"@id\":\"https:\/\/www.imprelux.com\/es\/contacto#breadcrumb\",\"itemListElement\":[{\"@type\":\"ListItem\",\"position\":1,\"name\":\"Portada\",\"item\":\"https:\/\/www.imprelux.com\/es\/home\"},{\"@type\":\"ListItem\",\"position\":2,\"name\":\"Contacto\"}]},{\"@type\":\"WebSite\",\"@id\":\"https:\/\/www.imprelux.com\/es#website\",\"url\":\"https:\/\/www.imprelux.com\/es\",\"name\":\"Imprelux\",\"description\":\"Producciones gr\u00e1ficas\",\"publisher\":{\"@id\":\"https:\/\/www.imprelux.com\/es#organization\"},\"alternateName\":\"Producciones gr\u00e1ficas\",\"potentialAction\":[{\"@type\":\"SearchAction\",\"target\":{\"@type\":\"EntryPoint\",\"urlTemplate\":\"https:\/\/www.imprelux.com\/es?s={search_term_string}\"},\"query-input\":{\"@type\":\"PropertyValueSpecification\",\"valueRequired\":true,\"valueName\":\"search_term_string\"}}],\"inLanguage\":\"es\"},{\"@type\":\"Organization\",\"@id\":\"https:\/\/www.imprelux.com\/es#organization\",\"name\":\"Imprelux\",\"alternateName\":\"Producciones gr\u00e1ficas\",\"url\":\"https:\/\/www.imprelux.com\/es\",\"logo\":{\"@type\":\"ImageObject\",\"inLanguage\":\"es\",\"@id\":\"https:\/\/www.imprelux.com\/es#\/schema\/logo\/image\/\",\"url\":\"https:\/\/www.imprelux.com\/wp-content\/uploads\/2019\/12\/IMPRELUX.png\",\"contentUrl\":\"https:\/\/www.imprelux.com\/wp-content\/uploads\/2019\/12\/IMPRELUX.png\",\"width\":500,\"height\":101,\"caption\":\"Imprelux\"},\"image\":{\"@id\":\"https:\/\/www.imprelux.com\/es#\/schema\/logo\/image\/\"}}]}<\/script>\n<!-- \/ Yoast SEO Premium plugin. -->","yoast_head_json":{"title":"Contacto - Imprelux","robots":{"index":"index","follow":"follow","max-snippet":"max-snippet:-1","max-image-preview":"max-image-preview:large","max-video-preview":"max-video-preview:-1"},"canonical":"https:\/\/www.imprelux.com\/es\/contacto","og_locale":"es_ES","og_type":"article","og_title":"Contacto","og_url":"https:\/\/www.imprelux.com\/es\/contacto","og_site_name":"Imprelux","article_modified_time":"2025-09-15T18:12:17+00:00","og_image":[{"width":2560,"height":2560,"url":"https:\/\/www.imprelux.com\/wp-content\/uploads\/FOTO-INVITACION-BODA-STAMPING-scaled.jpg","type":"image\/jpeg"}],"twitter_card":"summary_large_image","twitter_misc":{"Tiempo de lectura":"2 minutos"},"schema":{"@context":"https:\/\/schema.org","@graph":[{"@type":"WebPage","@id":"https:\/\/www.imprelux.com\/es\/contacto","url":"https:\/\/www.imprelux.com\/es\/contacto","name":"Contacto - Imprelux","isPartOf":{"@id":"https:\/\/www.imprelux.com\/es#website"},"primaryImageOfPage":{"@id":"https:\/\/www.imprelux.com\/es\/contacto#primaryimage"},"image":{"@id":"https:\/\/www.imprelux.com\/es\/contacto#primaryimage"},"thumbnailUrl":"https:\/\/www.imprelux.com\/wp-content\/uploads\/FOTO-INVITACION-BODA-STAMPING-scaled.jpg","datePublished":"2015-10-26T10:08:51+00:00","dateModified":"2025-09-15T18:12:17+00:00","breadcrumb":{"@id":"https:\/\/www.imprelux.com\/es\/contacto#breadcrumb"},"inLanguage":"es","potentialAction":[{"@type":"ReadAction","target":["https:\/\/www.imprelux.com\/es\/contacto"]}]},{"@type":"ImageObject","inLanguage":"es","@id":"https:\/\/www.imprelux.com\/es\/contacto#primaryimage","url":"https:\/\/www.imprelux.com\/wp-content\/uploads\/FOTO-INVITACION-BODA-STAMPING-scaled.jpg","contentUrl":"https:\/\/www.imprelux.com\/wp-content\/uploads\/FOTO-INVITACION-BODA-STAMPING-scaled.jpg","width":2560,"height":2560,"caption":"Imprelux - Producciones gr\u00e1ficas"},{"@type":"BreadcrumbList","@id":"https:\/\/www.imprelux.com\/es\/contacto#breadcrumb","itemListElement":[{"@type":"ListItem","position":1,"name":"Portada","item":"https:\/\/www.imprelux.com\/es\/home"},{"@type":"ListItem","position":2,"name":"Contacto"}]},{"@type":"WebSite","@id":"https:\/\/www.imprelux.com\/es#website","url":"https:\/\/www.imprelux.com\/es","name":"Imprelux","description":"Producciones gr\u00e1ficas","publisher":{"@id":"https:\/\/www.imprelux.com\/es#organization"},"alternateName":"Producciones gr\u00e1ficas","potentialAction":[{"@type":"SearchAction","target":{"@type":"EntryPoint","urlTemplate":"https:\/\/www.imprelux.com\/es?s={search_term_string}"},"query-input":{"@type":"PropertyValueSpecification","valueRequired":true,"valueName":"search_term_string"}}],"inLanguage":"es"},{"@type":"Organization","@id":"https:\/\/www.imprelux.com\/es#organization","name":"Imprelux","alternateName":"Producciones gr\u00e1ficas","url":"https:\/\/www.imprelux.com\/es","logo":{"@type":"ImageObject","inLanguage":"es","@id":"https:\/\/www.imprelux.com\/es#\/schema\/logo\/image\/","url":"https:\/\/www.imprelux.com\/wp-content\/uploads\/2019\/12\/IMPRELUX.png","contentUrl":"https:\/\/www.imprelux.com\/wp-content\/uploads\/2019\/12\/IMPRELUX.png","width":500,"height":101,"caption":"Imprelux"},"image":{"@id":"https:\/\/www.imprelux.com\/es#\/schema\/logo\/image\/"}}]}},"_links":{"self":[{"href":"https:\/\/www.imprelux.com\/es\/wp-json\/wp\/v2\/pages\/4828","targetHints":{"allow":["GET"]}}],"collection":[{"href":"https:\/\/www.imprelux.com\/es\/wp-json\/wp\/v2\/pages"}],"about":[{"href":"https:\/\/www.imprelux.com\/es\/wp-json\/wp\/v2\/types\/page"}],"author":[{"embeddable":true,"href":"https:\/\/www.imprelux.com\/es\/wp-json\/wp\/v2\/users\/1"}],"replies":[{"embeddable":true,"href":"https:\/\/www.imprelux.com\/es\/wp-json\/wp\/v2\/comments?post=4828"}],"version-history":[{"count":0,"href":"https:\/\/www.imprelux.com\/es\/wp-json\/wp\/v2\/pages\/4828\/revisions"}],"wp:featuredmedia":[{"embeddable":true,"href":"https:\/\/www.imprelux.com\/es\/wp-json\/wp\/v2\/media\/6217"}],"wp:attachment":[{"href":"https:\/\/www.imprelux.com\/es\/wp-json\/wp\/v2\/media?parent=4828"}],"curies":[{"name":"wp","href":"https:\/\/api.w.org\/{rel}","templated":true}]}}