{"id":4307,"date":"2015-10-21T09:31:45","date_gmt":"2015-10-21T09:31:45","guid":{"rendered":"http:\/\/impreza3.us-themes.com\/?page_id=4307"},"modified":"2025-09-15T20:12:17","modified_gmt":"2025-09-15T18:12:17","slug":"sobre-nosotros","status":"publish","type":"page","link":"https:\/\/www.imprelux.com\/es\/sobre-nosotros","title":{"rendered":"Sobre nosotros"},"content":{"rendered":"<section class=\"l-section wpb_row height_medium color_alternate with_img\"><div class=\"l-section-img\" role=\"img\" aria-label=\"Imprelux - Producciones gr\u00e1ficas\" data-img-width=\"1500\" data-img-height=\"1000\" style=\"background-image: url(https:\/\/www.imprelux.com\/wp-content\/uploads\/maq.jpg);\"><\/div><div class=\"l-section-overlay\" style=\"background:rgba(0,0,0,0.85)\"><\/div><div class=\"l-section-h i-cf\"><div class=\"g-cols vc_row via_flex valign_middle type_default stacking_default\"><div class=\"vc_col-sm-12 wpb_column vc_column_container\"><div class=\"vc_column-inner\"><div class=\"wpb_wrapper\"><h1 class=\"w-post-elm post_title us_custom_064d9100 align_center entry-title color_link_inherit\">Sobre nosotros<\/h1><\/div><\/div><\/div><\/div><\/div><\/section><section class=\"l-section wpb_row height_medium full_height valign_center color_custom with_img\"><div class=\"l-section-img\" role=\"img\" aria-label=\"Imprelux - Producciones gr\u00e1ficas\" data-img-width=\"1600\" data-img-height=\"768\" style=\"background-image: url(https:\/\/www.imprelux.com\/wp-content\/uploads\/carta-a-mano-nelle-ande-letterpress-title.jpg);background-position: bottom center;background-repeat: no-repeat;\"><\/div><div class=\"l-section-overlay\" style=\"background:rgba(255,255,255,0.9)\"><\/div><div class=\"l-section-h i-cf\"><div class=\"g-cols vc_row via_flex valign_top type_default stacking_default\"><div class=\"vc_col-sm-6 wpb_column vc_column_container\"><div class=\"vc_column-inner\"><div class=\"wpb_wrapper\"><div class=\"wpb_text_column\"><div class=\"wpb_wrapper\"><h2 style=\"padding-left: 40px;\"><strong>\u00bfQui\u00e9nes somos?<br \/>\n<\/strong><\/h2>\n<\/div><\/div><\/div><\/div><\/div><div class=\"vc_col-sm-6 wpb_column vc_column_container\"><div class=\"vc_column-inner\"><div class=\"wpb_wrapper\"><div class=\"wpb_text_column\"><div class=\"wpb_wrapper\"><p>Producci\u00f3 Gr\u00e0fica Imprelux, S.L. es una empresa creada en <strong>1920<\/strong>, dedicada a varias especialidades de las artes gr\u00e1ficas; relieve en seco, letterpress, termorelieve, troquelado y estampaci\u00f3n en oro y colores.<\/p>\n<\/div><\/div><\/div><\/div><\/div><\/div><\/div><\/section><section class=\"l-section wpb_row height_small\"><div class=\"l-section-h i-cf\"><div class=\"g-cols vc_row via_flex valign_top type_default stacking_default\"><div class=\"vc_col-sm-12 wpb_column vc_column_container\"><div class=\"vc_column-inner\"><div class=\"wpb_wrapper\"><div class=\"wpb_text_column\"><div class=\"wpb_wrapper\"><h2 style=\"text-align: center;\"><strong>Historia<br \/>\n<\/strong><\/h2>\n<\/div><\/div><div class=\"g-cols wpb_row via_flex valign_middle type_boxes stacking_default\"><div class=\"vc_col-sm-6 wpb_column vc_column_container us_animate_afl\"><div class=\"vc_column-inner\"><div class=\"wpb_wrapper\"><div class=\"wpb_text_column\"><div class=\"wpb_wrapper\"><p>Producci\u00f3 Gr\u00e0fica Imprelux, S.L., con casi 100 a\u00f1os de historia fue fundada en Sabadell por Joan Farr\u00e9 Obach el a\u00f1o 1920. A d\u00eda de hoy la empresa contin\u00faa con su cuarta generaci\u00f3n, renovando y actualizando maquinarias m\u00e1s antiguas por tecnolog\u00eda punta.<\/p>\n<\/div><\/div><\/div><\/div><\/div><div class=\"vc_col-sm-6 wpb_column vc_column_container us_animate_afr\" style=\"animation-delay:0.2s\"><div class=\"vc_column-inner\"><div class=\"wpb_wrapper\"><div class=\"w-image align_center\"><div class=\"w-image-h\"><img decoding=\"async\" width=\"600\" height=\"400\" src=\"https:\/\/www.imprelux.com\/wp-content\/uploads\/maq-600x400.jpg\" class=\"attachment-us_600_400_crop size-us_600_400_crop\" alt=\"Imprelux - Producciones gr\u00e1ficas\" loading=\"lazy\" srcset=\"https:\/\/www.imprelux.com\/wp-content\/uploads\/maq-600x400.jpg 600w, https:\/\/www.imprelux.com\/wp-content\/uploads\/maq-300x200.jpg 300w, https:\/\/www.imprelux.com\/wp-content\/uploads\/maq-1024x683.jpg 1024w, https:\/\/www.imprelux.com\/wp-content\/uploads\/maq.jpg 1500w\" sizes=\"auto, (max-width: 600px) 100vw, 600px\" \/><\/div><\/div><\/div><\/div><\/div><\/div><div class=\"g-cols wpb_row via_flex valign_middle type_boxes stacking_default\"><div class=\"vc_col-sm-6 wpb_column vc_column_container us_animate_afl\"><div class=\"vc_column-inner\"><div class=\"wpb_wrapper\"><div class=\"w-image align_center\"><div class=\"w-image-h\"><img decoding=\"async\" width=\"600\" height=\"400\" src=\"https:\/\/www.imprelux.com\/wp-content\/uploads\/maq3-600x400.jpg\" class=\"attachment-us_600_400_crop size-us_600_400_crop\" alt=\"Imprelux - Producciones gr\u00e1ficas\" loading=\"lazy\" srcset=\"https:\/\/www.imprelux.com\/wp-content\/uploads\/maq3-600x400.jpg 600w, https:\/\/www.imprelux.com\/wp-content\/uploads\/maq3-300x200.jpg 300w, https:\/\/www.imprelux.com\/wp-content\/uploads\/maq3-1024x683.jpg 1024w, https:\/\/www.imprelux.com\/wp-content\/uploads\/maq3.jpg 1500w\" sizes=\"auto, (max-width: 600px) 100vw, 600px\" \/><\/div><\/div><\/div><\/div><\/div><div class=\"vc_col-sm-6 wpb_column vc_column_container us_animate_afr\" style=\"animation-delay:0.2s\"><div class=\"vc_column-inner\"><div class=\"wpb_wrapper\"><div class=\"wpb_text_column\"><div class=\"wpb_wrapper\"><p>La empresa colabor\u00f3 en conseguir el primer premio en el 51\u00ba concurso de artes gr\u00e1ficas del Gremi de la Ind\u00fastria y la Comunicaci\u00f3n grafica de Catalu\u00f1a el a\u00f1o 1992.<\/p>\n<\/div><\/div><\/div><\/div><\/div><\/div><div class=\"g-cols wpb_row via_flex valign_middle type_boxes stacking_default\"><div class=\"vc_col-sm-6 wpb_column vc_column_container us_animate_afl\"><div class=\"vc_column-inner\"><div class=\"wpb_wrapper\"><div class=\"wpb_text_column\"><div class=\"wpb_wrapper\"><p>En la actualidad, la empresa est\u00e1 en condiciones de atender en un tiempo razonable la demanda que exigen las necesidades de los clientes.<\/p>\n<\/div><\/div><\/div><\/div><\/div><div class=\"vc_col-sm-6 wpb_column vc_column_container us_animate_afr\" style=\"animation-delay:0.2s\"><div class=\"vc_column-inner\"><div class=\"wpb_wrapper\"><div class=\"w-image align_center\"><div class=\"w-image-h\"><img decoding=\"async\" width=\"600\" height=\"400\" src=\"https:\/\/www.imprelux.com\/wp-content\/uploads\/maq4-600x400.jpg\" class=\"attachment-us_600_400_crop size-us_600_400_crop\" alt=\"Imprelux - Producciones gr\u00e1ficas\" loading=\"lazy\" srcset=\"https:\/\/www.imprelux.com\/wp-content\/uploads\/maq4-600x400.jpg 600w, https:\/\/www.imprelux.com\/wp-content\/uploads\/maq4-300x200.jpg 300w, https:\/\/www.imprelux.com\/wp-content\/uploads\/maq4-1024x683.jpg 1024w, https:\/\/www.imprelux.com\/wp-content\/uploads\/maq4.jpg 1500w\" sizes=\"auto, (max-width: 600px) 100vw, 600px\" \/><\/div><\/div><\/div><\/div><\/div><\/div><\/div><\/div><\/div><\/div><\/div><\/section>\n","protected":false},"excerpt":{"rendered":"Sobre nosotros\u00bfQui\u00e9nes somos? Producci\u00f3 Gr\u00e0fica Imprelux, S.L. es una empresa creada en 1920, dedicada a varias especialidades de las artes gr\u00e1ficas; relieve en seco, letterpress, termorelieve, troquelado y estampaci\u00f3n en oro y colores. Historia Producci\u00f3 Gr\u00e0fica Imprelux, S.L., con casi 100 a\u00f1os de historia fue fundada en Sabadell por Joan Farr\u00e9 Obach el a\u00f1o 1920....","protected":false},"author":1,"featured_media":6112,"parent":0,"menu_order":0,"comment_status":"closed","ping_status":"closed","template":"","meta":{"footnotes":""},"class_list":["post-4307","page","type-page","status-publish","has-post-thumbnail","hentry"],"yoast_head":"<!-- This site is optimized with the Yoast SEO Premium plugin v26.6 (Yoast SEO v26.6) - https:\/\/yoast.com\/wordpress\/plugins\/seo\/ -->\n<title>Sobre nosotros - Imprelux<\/title>\n<meta name=\"robots\" content=\"index, follow, max-snippet:-1, max-image-preview:large, max-video-preview:-1\" \/>\n<link rel=\"canonical\" href=\"https:\/\/www.imprelux.com\/es\/sobre-nosotros\" \/>\n<meta property=\"og:locale\" content=\"es_ES\" \/>\n<meta property=\"og:type\" content=\"article\" \/>\n<meta property=\"og:title\" content=\"Sobre nosotros\" \/>\n<meta property=\"og:url\" content=\"https:\/\/www.imprelux.com\/es\/sobre-nosotros\" \/>\n<meta property=\"og:site_name\" content=\"Imprelux\" \/>\n<meta property=\"article:modified_time\" content=\"2025-09-15T18:12:17+00:00\" \/>\n<meta property=\"og:image\" content=\"https:\/\/www.imprelux.com\/wp-content\/uploads\/maq.jpg\" \/>\n\t<meta property=\"og:image:width\" content=\"1500\" \/>\n\t<meta property=\"og:image:height\" content=\"1000\" \/>\n\t<meta property=\"og:image:type\" content=\"image\/jpeg\" \/>\n<meta name=\"twitter:card\" content=\"summary_large_image\" \/>\n<meta name=\"twitter:label1\" content=\"Tiempo de lectura\" \/>\n\t<meta name=\"twitter:data1\" content=\"2 minutos\" \/>\n<script type=\"application\/ld+json\" class=\"yoast-schema-graph\">{\"@context\":\"https:\/\/schema.org\",\"@graph\":[{\"@type\":\"WebPage\",\"@id\":\"https:\/\/www.imprelux.com\/es\/sobre-nosotros\",\"url\":\"https:\/\/www.imprelux.com\/es\/sobre-nosotros\",\"name\":\"Sobre nosotros - Imprelux\",\"isPartOf\":{\"@id\":\"https:\/\/www.imprelux.com\/es#website\"},\"primaryImageOfPage\":{\"@id\":\"https:\/\/www.imprelux.com\/es\/sobre-nosotros#primaryimage\"},\"image\":{\"@id\":\"https:\/\/www.imprelux.com\/es\/sobre-nosotros#primaryimage\"},\"thumbnailUrl\":\"https:\/\/www.imprelux.com\/wp-content\/uploads\/maq.jpg\",\"datePublished\":\"2015-10-21T09:31:45+00:00\",\"dateModified\":\"2025-09-15T18:12:17+00:00\",\"breadcrumb\":{\"@id\":\"https:\/\/www.imprelux.com\/es\/sobre-nosotros#breadcrumb\"},\"inLanguage\":\"es\",\"potentialAction\":[{\"@type\":\"ReadAction\",\"target\":[\"https:\/\/www.imprelux.com\/es\/sobre-nosotros\"]}]},{\"@type\":\"ImageObject\",\"inLanguage\":\"es\",\"@id\":\"https:\/\/www.imprelux.com\/es\/sobre-nosotros#primaryimage\",\"url\":\"https:\/\/www.imprelux.com\/wp-content\/uploads\/maq.jpg\",\"contentUrl\":\"https:\/\/www.imprelux.com\/wp-content\/uploads\/maq.jpg\",\"width\":1500,\"height\":1000,\"caption\":\"Imprelux - Producciones gr\u00e1ficas\"},{\"@type\":\"BreadcrumbList\",\"@id\":\"https:\/\/www.imprelux.com\/es\/sobre-nosotros#breadcrumb\",\"itemListElement\":[{\"@type\":\"ListItem\",\"position\":1,\"name\":\"Portada\",\"item\":\"https:\/\/www.imprelux.com\/es\/home\"},{\"@type\":\"ListItem\",\"position\":2,\"name\":\"Sobre nosotros\"}]},{\"@type\":\"WebSite\",\"@id\":\"https:\/\/www.imprelux.com\/es#website\",\"url\":\"https:\/\/www.imprelux.com\/es\",\"name\":\"Imprelux\",\"description\":\"Producciones gr\u00e1ficas\",\"publisher\":{\"@id\":\"https:\/\/www.imprelux.com\/es#organization\"},\"alternateName\":\"Producciones gr\u00e1ficas\",\"potentialAction\":[{\"@type\":\"SearchAction\",\"target\":{\"@type\":\"EntryPoint\",\"urlTemplate\":\"https:\/\/www.imprelux.com\/es?s={search_term_string}\"},\"query-input\":{\"@type\":\"PropertyValueSpecification\",\"valueRequired\":true,\"valueName\":\"search_term_string\"}}],\"inLanguage\":\"es\"},{\"@type\":\"Organization\",\"@id\":\"https:\/\/www.imprelux.com\/es#organization\",\"name\":\"Imprelux\",\"alternateName\":\"Producciones gr\u00e1ficas\",\"url\":\"https:\/\/www.imprelux.com\/es\",\"logo\":{\"@type\":\"ImageObject\",\"inLanguage\":\"es\",\"@id\":\"https:\/\/www.imprelux.com\/es#\/schema\/logo\/image\/\",\"url\":\"https:\/\/www.imprelux.com\/wp-content\/uploads\/2019\/12\/IMPRELUX.png\",\"contentUrl\":\"https:\/\/www.imprelux.com\/wp-content\/uploads\/2019\/12\/IMPRELUX.png\",\"width\":500,\"height\":101,\"caption\":\"Imprelux\"},\"image\":{\"@id\":\"https:\/\/www.imprelux.com\/es#\/schema\/logo\/image\/\"}}]}<\/script>\n<!-- \/ Yoast SEO Premium plugin. -->","yoast_head_json":{"title":"Sobre nosotros - Imprelux","robots":{"index":"index","follow":"follow","max-snippet":"max-snippet:-1","max-image-preview":"max-image-preview:large","max-video-preview":"max-video-preview:-1"},"canonical":"https:\/\/www.imprelux.com\/es\/sobre-nosotros","og_locale":"es_ES","og_type":"article","og_title":"Sobre nosotros","og_url":"https:\/\/www.imprelux.com\/es\/sobre-nosotros","og_site_name":"Imprelux","article_modified_time":"2025-09-15T18:12:17+00:00","og_image":[{"width":1500,"height":1000,"url":"https:\/\/www.imprelux.com\/wp-content\/uploads\/maq.jpg","type":"image\/jpeg"}],"twitter_card":"summary_large_image","twitter_misc":{"Tiempo de lectura":"2 minutos"},"schema":{"@context":"https:\/\/schema.org","@graph":[{"@type":"WebPage","@id":"https:\/\/www.imprelux.com\/es\/sobre-nosotros","url":"https:\/\/www.imprelux.com\/es\/sobre-nosotros","name":"Sobre nosotros - Imprelux","isPartOf":{"@id":"https:\/\/www.imprelux.com\/es#website"},"primaryImageOfPage":{"@id":"https:\/\/www.imprelux.com\/es\/sobre-nosotros#primaryimage"},"image":{"@id":"https:\/\/www.imprelux.com\/es\/sobre-nosotros#primaryimage"},"thumbnailUrl":"https:\/\/www.imprelux.com\/wp-content\/uploads\/maq.jpg","datePublished":"2015-10-21T09:31:45+00:00","dateModified":"2025-09-15T18:12:17+00:00","breadcrumb":{"@id":"https:\/\/www.imprelux.com\/es\/sobre-nosotros#breadcrumb"},"inLanguage":"es","potentialAction":[{"@type":"ReadAction","target":["https:\/\/www.imprelux.com\/es\/sobre-nosotros"]}]},{"@type":"ImageObject","inLanguage":"es","@id":"https:\/\/www.imprelux.com\/es\/sobre-nosotros#primaryimage","url":"https:\/\/www.imprelux.com\/wp-content\/uploads\/maq.jpg","contentUrl":"https:\/\/www.imprelux.com\/wp-content\/uploads\/maq.jpg","width":1500,"height":1000,"caption":"Imprelux - Producciones gr\u00e1ficas"},{"@type":"BreadcrumbList","@id":"https:\/\/www.imprelux.com\/es\/sobre-nosotros#breadcrumb","itemListElement":[{"@type":"ListItem","position":1,"name":"Portada","item":"https:\/\/www.imprelux.com\/es\/home"},{"@type":"ListItem","position":2,"name":"Sobre nosotros"}]},{"@type":"WebSite","@id":"https:\/\/www.imprelux.com\/es#website","url":"https:\/\/www.imprelux.com\/es","name":"Imprelux","description":"Producciones gr\u00e1ficas","publisher":{"@id":"https:\/\/www.imprelux.com\/es#organization"},"alternateName":"Producciones gr\u00e1ficas","potentialAction":[{"@type":"SearchAction","target":{"@type":"EntryPoint","urlTemplate":"https:\/\/www.imprelux.com\/es?s={search_term_string}"},"query-input":{"@type":"PropertyValueSpecification","valueRequired":true,"valueName":"search_term_string"}}],"inLanguage":"es"},{"@type":"Organization","@id":"https:\/\/www.imprelux.com\/es#organization","name":"Imprelux","alternateName":"Producciones gr\u00e1ficas","url":"https:\/\/www.imprelux.com\/es","logo":{"@type":"ImageObject","inLanguage":"es","@id":"https:\/\/www.imprelux.com\/es#\/schema\/logo\/image\/","url":"https:\/\/www.imprelux.com\/wp-content\/uploads\/2019\/12\/IMPRELUX.png","contentUrl":"https:\/\/www.imprelux.com\/wp-content\/uploads\/2019\/12\/IMPRELUX.png","width":500,"height":101,"caption":"Imprelux"},"image":{"@id":"https:\/\/www.imprelux.com\/es#\/schema\/logo\/image\/"}}]}},"_links":{"self":[{"href":"https:\/\/www.imprelux.com\/es\/wp-json\/wp\/v2\/pages\/4307","targetHints":{"allow":["GET"]}}],"collection":[{"href":"https:\/\/www.imprelux.com\/es\/wp-json\/wp\/v2\/pages"}],"about":[{"href":"https:\/\/www.imprelux.com\/es\/wp-json\/wp\/v2\/types\/page"}],"author":[{"embeddable":true,"href":"https:\/\/www.imprelux.com\/es\/wp-json\/wp\/v2\/users\/1"}],"replies":[{"embeddable":true,"href":"https:\/\/www.imprelux.com\/es\/wp-json\/wp\/v2\/comments?post=4307"}],"version-history":[{"count":0,"href":"https:\/\/www.imprelux.com\/es\/wp-json\/wp\/v2\/pages\/4307\/revisions"}],"wp:featuredmedia":[{"embeddable":true,"href":"https:\/\/www.imprelux.com\/es\/wp-json\/wp\/v2\/media\/6112"}],"wp:attachment":[{"href":"https:\/\/www.imprelux.com\/es\/wp-json\/wp\/v2\/media?parent=4307"}],"curies":[{"name":"wp","href":"https:\/\/api.w.org\/{rel}","templated":true}]}}